{"id":839,"date":"2022-01-14T10:43:27","date_gmt":"2022-01-14T10:43:27","guid":{"rendered":"https:\/\/dev.lomaxppc.com\/ppc-services\/"},"modified":"2022-06-10T09:41:38","modified_gmt":"2022-06-10T08:41:38","slug":"servicios-de-ppc","status":"publish","type":"page","link":"https:\/\/lomaxppc.com\/es\/servicios-de-ppc\/","title":{"rendered":"Servicios de PPC"},"content":{"rendered":"<div id=\"pl-839\"  class=\"panel-layout\" ><div id=\"pg-839-0\"  class=\"panel-grid panel-no-style\" ><div id=\"pgc-839-0-0\"  class=\"panel-grid-cell\" ><\/div><\/div><div id=\"pg-839-1\"  class=\"panel-grid panel-has-style\" ><div class=\"siteorigin-panels-stretch panel-row-style panel-row-style-for-839-1\" data-stretch-type=\"full\" ><div id=\"pgc-839-1-0\"  class=\"panel-grid-cell\" ><div id=\"panel-839-1-0-0\" class=\"so-panel widget widget_black-studio-tinymce widget_black_studio_tinymce panel-first-child panel-last-child\" data-index=\"1\" ><div class=\"textwidget\"><h1 style=\"text-align: center;\"><span class=\"grey-text-bt\">Echa un vistazo a nuestros<\/span><br \/>\n<span class=\"linear-gradient-gradient-text\">Servicios profesionales PPC<\/span><\/h1>\n<p style=\"margin:0 auto; max-width:750px; text-align: center;\">El equipo experimentado de Lomax PPC est\u00e1 aqu\u00ed para asegurarse de que conozcas nuestro proceso para impulsar con \u00e9xito tus KPIs.<\/p>\n<\/div><\/div><\/div><\/div><\/div><div id=\"pg-839-2\"  class=\"panel-grid panel-has-style\" ><div class=\"panel-row-style panel-row-style-for-839-2\" ><div id=\"pgc-839-2-0\"  class=\"panel-grid-cell\" ><div id=\"panel-839-2-0-0\" class=\"so-panel widget widget_black-studio-tinymce widget_black_studio_tinymce panel-first-child panel-last-child\" data-index=\"2\" ><div class=\"textwidget\"><div class=\"roundy-white-boxes-bigger spanish-page-r-w-b-b\">\n\n<div class=\"wpbf-grid wpbf-grid-large\">\n\n\n<div class=\"wpbf-1-1 wpbf-medium-1-2\"> <div class=\"roundy-white-box-bigger\">\n<a id=\"services-row1\"><\/a>\n<img loading=\"lazy\" decoding=\"async\" src=\"https:\/\/lomaxppc.com\/wp-content\/uploads\/2022\/02\/campaign-management-services.png\" alt=\"Administraci\u00f3n De Cuentas\" title=\"Administraci\u00f3n De Cuentas\" width=\"57\" height=\"57\"  \/>\n\n<h2>Administraci\u00f3n De Cuentas<\/h2>\n\nMonitoreo riguroso de su cuenta de Google Ads con enfoque en sus KPIs m\u00e1s importantes. Optimizaci\u00f3n experta de palabras clave, anuncios, estrategias de oferta y m\u00e1s. Revisi\u00f3n peri\u00f3dica de la estrategia de marketing y las herramientas disponibles m\u00e1s recientes para mantenerse por delante de la competencia.<\/p>\n\n<\/div>\n\n<\/div>\n<div class=\"wpbf-1-1 wpbf-medium-1-2\"> <div class=\"roundy-white-box-bigger\">\n<img loading=\"lazy\" decoding=\"async\" src=\"https:\/\/lomaxppc.com\/wp-content\/uploads\/2022\/02\/ppc-search-campaigns.png\" alt=\"Campa\u00f1as de Publicidad En B\u00fasqueda\" title=\"Campa\u00f1as de Publicidad En B\u00fasqueda\" width=\"57\" height=\"57\" \/>\n\n<h2>Campa\u00f1as de Publicidad En B\u00fasqueda<\/h2>\n\nCampa\u00f1as de alta calidad de anuncios en b\u00fasqueda adaptadas perfectamente a su negocio. No utilizamos ninguna automatizaci\u00f3n para la creaci\u00f3n de campa\u00f1as para garantizar el toque humano cuando se trata de entregar el mensaje correcto a las personas adecuadas en el momento adecuado.<\/p>\n<\/div>\n\n<\/div>\n\n\n\n<div class=\"wpbf-1-1 wpbf-medium-1-2\"> <div class=\"roundy-white-box-bigger\">\n<a id=\"services-row2\"><\/a>\n<img loading=\"lazy\" decoding=\"async\" src=\"https:\/\/lomaxppc.com\/wp-content\/uploads\/2022\/02\/search-and-shopping-campaign-services.png\" alt=\"Campa\u00f1as de Anuncios de Shopping\" title=\"Campa\u00f1as de Anuncios de Shopping\" width=\"57\" height=\"57\"  \/>\n\n<h2>Campa\u00f1as de Anuncios de Shopping<\/h2>\n\nEl mejor enfoque para negocios orientados a los ingresos, centrados en el producto, de comercio electr\u00f3nico. Somos expertos en aumentar tus ingresos enfoc\u00e1ndonos en ambos,  tanto en tus conversiones como en tu ROI. Nuestro enfoque altamente personalizado har\u00e1 que su dinero trabaje m\u00e1s para usted.<\/p>\n\n<\/div>\n\n<\/div>\n<div class=\"wpbf-1-1 wpbf-medium-1-2\"> <div class=\"roundy-white-box-bigger\">\n<img loading=\"lazy\" decoding=\"async\" src=\"https:\/\/lomaxppc.com\/wp-content\/uploads\/2022\/02\/google-merchant-centre.png\" alt=\"Google merchant centre\" title=\"Google merchant centre\" width=\"57\" height=\"57\" \/>\n\n<h2>Merchant Centre<\/h2>\n\nJunto con tus campa\u00f1as de compras, tambi\u00e9n administramos su merchant centre, incluidos los listados gratuitos, Buy On Google, rese\u00f1as de clientes, calificaci\u00f3n de productos e informaci\u00f3n del mercado. Tambi\u00e9n nos encargaremos de la optimizaci\u00f3n del feed de compras.<\/p>\n<\/div>\n\n<\/div>\n\n\n\n<div class=\"wpbf-1-1 wpbf-medium-1-2\"> <div class=\"roundy-white-box-bigger\">\n<a id=\"services-row3\"><\/a>\n<img loading=\"lazy\" decoding=\"async\" src=\"https:\/\/lomaxppc.com\/wp-content\/uploads\/2022\/02\/conversion-tracking-ppc.png\" alt=\"Seguimiento de Conversiones\" title=\"Seguimiento de Conversiones\" width=\"57\" height=\"57\"  \/>\n\n<h2>Seguimiento de Conversiones<\/h2>\n\nUn gran \u00e9xito proviene de una gran medici\u00f3n. Configuraremos el seguimiento de los usuarios que realizan una compra, llaman a tu n\u00famero, te env\u00edan correos electr\u00f3nicos, llenan tus formularios de contacto, usan una funci\u00f3n de chat, descargan un folleto o cualquier otra acci\u00f3n que agregue valor a tu negocio y\/o genere un contacto de un cliente potencial.<\/p>\n\n<\/div>\n\n<\/div>\n<div class=\"wpbf-1-1 wpbf-medium-1-2\"> <div class=\"roundy-white-box-bigger\">\n<img loading=\"lazy\" decoding=\"async\" src=\"https:\/\/lomaxppc.com\/wp-content\/uploads\/2022\/02\/google-display-ads-campaign.png\" alt=\"Campa\u00f1as de Anuncios en Display\"  title=\"Campa\u00f1as de Anuncios en Display\" width=\"57\" height=\"57\" \/>\n\n<h2>Campa\u00f1as de Anuncios en Display<\/h2>\n\nCampa\u00f1as altamente visuales que pueden enfocarse en espacios web espec\u00edficos o personas espec\u00edficas. Usamos hermosos creativos para elevar el perfil de su marca a trav\u00e9s del reconocimiento y recolecci\u00f3n al enviar el mensaje correcto al usuario correcto exactamente en el momento correcto.<\/p>\n<\/div>\n\n<\/div>\n\n\n\n<div class=\"wpbf-1-1 wpbf-medium-1-2\"> <div class=\"roundy-white-box-bigger\">\n<a id=\"services-row4\"><\/a>\n<img loading=\"lazy\" decoding=\"async\" src=\"https:\/\/lomaxppc.com\/wp-content\/uploads\/2022\/02\/website-keyword-services.png\" alt=\"Investigaci\u00f3n de Palabras Clave\" title=\"Investigaci\u00f3n de Palabras Clave\" width=\"57\" height=\"57\"  \/>\n\n<h2>Investigaci\u00f3n de Palabras Clave<\/h2>\n\nInvestigaci\u00f3n enfocada geogr\u00e1ficamente de una variedad de palabras clave relevantes para tu negocio, desde t\u00e9rminos de nivel superior con mucho tr\u00e1fico hasta palabras clave de cola larga m\u00e1s oscuras y de menor costo. Pensamos fuera de la caja para obtener la m\u00e1xima exposici\u00f3n al mejor precio.<\/p>\n\n<\/div>\n\n<\/div>\n<div class=\"wpbf-1-1 wpbf-medium-1-2\"> <div class=\"roundy-white-box-bigger\">\n<img loading=\"lazy\" decoding=\"async\" src=\"https:\/\/lomaxppc.com\/wp-content\/uploads\/2022\/02\/youtube-video-ads-campaign.png\" alt=\"YouTube video ads campaign\"  title=\"YouTube video ads campaign\" width=\"57\" height=\"57\" \/>\n\n<h2>Video<\/h2>\n\nF\u00e1cilmente el \u00e1rea m\u00e1s infrautilizada de la oferta de Google Ads. Llega a usuarios comprometidos con videos de alto impacto que cuenten la historia de tu marca a un costo similar al de un clic en un anuncio. Usamos audiencias muy espec\u00edficas y videos o canales de YouTube.<\/p>\n<\/div>\n\n<\/div>\n\n<\/div>\n<\/div>\n\n<\/div><\/div><\/div><\/div><\/div><div id=\"pg-839-3\"  class=\"panel-grid panel-has-style\" ><div class=\"siteorigin-panels-stretch panel-row-style panel-row-style-for-839-3\" data-stretch-type=\"full\" ><div id=\"pgc-839-3-0\"  class=\"panel-grid-cell\" ><div id=\"panel-839-3-0-0\" class=\"so-panel widget widget_black-studio-tinymce widget_black_studio_tinymce panel-first-child panel-last-child\" data-index=\"3\" ><div class=\"panel-widget-style panel-widget-style-for-839-3-0-0\" ><div class=\"textwidget\"><\/div><\/div><\/div><\/div><\/div><\/div><\/div>","protected":false},"excerpt":{"rendered":"<p>Echa un vistazo a nuestros Servicios profesionales PPC El equipo experimentado de Lomax PPC est\u00e1 aqu\u00ed para asegurarse de que conozcas nuestro proceso para impulsar con \u00e9xito tus KPIs.<\/p>\n","protected":false},"author":1,"featured_media":0,"parent":0,"menu_order":0,"comment_status":"closed","ping_status":"closed","template":"","meta":{"footnotes":""},"class_list":["post-839","page","type-page","status-publish","hentry","wpbf-post"],"yoast_head":"<!-- This site is optimized with the Yoast SEO plugin v25.6 - https:\/\/yoast.com\/wordpress\/plugins\/seo\/ -->\n<title>Servicios de PPC - Lomax PPC<\/title>\n<meta name=\"robots\" content=\"index, follow, max-snippet:-1, max-image-preview:large, max-video-preview:-1\" \/>\n<link rel=\"canonical\" href=\"https:\/\/lomaxppc.com\/es\/servicios-de-ppc\/\" \/>\n<meta property=\"og:locale\" content=\"es_MX\" \/>\n<meta property=\"og:type\" content=\"article\" \/>\n<meta property=\"og:title\" content=\"Servicios de PPC - Lomax PPC\" \/>\n<meta property=\"og:description\" content=\"Echa un vistazo a nuestros Servicios profesionales PPC El equipo experimentado de Lomax PPC est\u00e1 aqu\u00ed para asegurarse de que conozcas nuestro proceso para impulsar con \u00e9xito tus KPIs.\" \/>\n<meta property=\"og:url\" content=\"https:\/\/lomaxppc.com\/es\/servicios-de-ppc\/\" \/>\n<meta property=\"og:site_name\" content=\"Lomax PPC\" \/>\n<meta property=\"article:modified_time\" content=\"2022-06-10T08:41:38+00:00\" \/>\n<meta property=\"og:image\" content=\"https:\/\/lomaxppc.com\/wp-content\/uploads\/2022\/02\/campaign-management-services.png\" \/>\n<meta name=\"twitter:card\" content=\"summary_large_image\" \/>\n<meta name=\"twitter:label1\" content=\"Tiempo de lectura\" \/>\n\t<meta name=\"twitter:data1\" content=\"2 minutos\" \/>\n<script type=\"application\/ld+json\" class=\"yoast-schema-graph\">{\"@context\":\"https:\/\/schema.org\",\"@graph\":[{\"@type\":\"WebPage\",\"@id\":\"https:\/\/lomaxppc.com\/es\/servicios-de-ppc\/\",\"url\":\"https:\/\/lomaxppc.com\/es\/servicios-de-ppc\/\",\"name\":\"Servicios de PPC - Lomax PPC\",\"isPartOf\":{\"@id\":\"https:\/\/lomaxppc.com\/es\/#website\"},\"primaryImageOfPage\":{\"@id\":\"https:\/\/lomaxppc.com\/es\/servicios-de-ppc\/#primaryimage\"},\"image\":{\"@id\":\"https:\/\/lomaxppc.com\/es\/servicios-de-ppc\/#primaryimage\"},\"thumbnailUrl\":\"https:\/\/lomaxppc.com\/wp-content\/uploads\/2022\/02\/campaign-management-services.png\",\"datePublished\":\"2022-01-14T10:43:27+00:00\",\"dateModified\":\"2022-06-10T08:41:38+00:00\",\"breadcrumb\":{\"@id\":\"https:\/\/lomaxppc.com\/es\/servicios-de-ppc\/#breadcrumb\"},\"inLanguage\":\"es\",\"potentialAction\":[{\"@type\":\"ReadAction\",\"target\":[\"https:\/\/lomaxppc.com\/es\/servicios-de-ppc\/\"]}]},{\"@type\":\"ImageObject\",\"inLanguage\":\"es\",\"@id\":\"https:\/\/lomaxppc.com\/es\/servicios-de-ppc\/#primaryimage\",\"url\":\"https:\/\/lomaxppc.com\/wp-content\/uploads\/2022\/02\/campaign-management-services.png\",\"contentUrl\":\"https:\/\/lomaxppc.com\/wp-content\/uploads\/2022\/02\/campaign-management-services.png\"},{\"@type\":\"BreadcrumbList\",\"@id\":\"https:\/\/lomaxppc.com\/es\/servicios-de-ppc\/#breadcrumb\",\"itemListElement\":[{\"@type\":\"ListItem\",\"position\":1,\"name\":\"Home\",\"item\":\"https:\/\/lomaxppc.com\/es\/\"},{\"@type\":\"ListItem\",\"position\":2,\"name\":\"Servicios de PPC\"}]},{\"@type\":\"WebSite\",\"@id\":\"https:\/\/lomaxppc.com\/es\/#website\",\"url\":\"https:\/\/lomaxppc.com\/es\/\",\"name\":\"Lomax PPC\",\"description\":\"Proactive PPC Management &amp; Consultancy\",\"publisher\":{\"@id\":\"https:\/\/lomaxppc.com\/es\/#organization\"},\"potentialAction\":[{\"@type\":\"SearchAction\",\"target\":{\"@type\":\"EntryPoint\",\"urlTemplate\":\"https:\/\/lomaxppc.com\/es\/?s={search_term_string}\"},\"query-input\":{\"@type\":\"PropertyValueSpecification\",\"valueRequired\":true,\"valueName\":\"search_term_string\"}}],\"inLanguage\":\"es\"},{\"@type\":\"Organization\",\"@id\":\"https:\/\/lomaxppc.com\/es\/#organization\",\"name\":\"Lomax PPC\",\"url\":\"https:\/\/lomaxppc.com\/es\/\",\"logo\":{\"@type\":\"ImageObject\",\"inLanguage\":\"es\",\"@id\":\"https:\/\/lomaxppc.com\/es\/#\/schema\/logo\/image\/\",\"url\":\"https:\/\/lomaxppc.com\/wp-content\/uploads\/2022\/06\/lomax-ppc-management-specialists-and-google-partner.png\",\"contentUrl\":\"https:\/\/lomaxppc.com\/wp-content\/uploads\/2022\/06\/lomax-ppc-management-specialists-and-google-partner.png\",\"width\":264,\"height\":52,\"caption\":\"Lomax PPC\"},\"image\":{\"@id\":\"https:\/\/lomaxppc.com\/es\/#\/schema\/logo\/image\/\"}}]}<\/script>\n<!-- \/ Yoast SEO plugin. -->","yoast_head_json":{"title":"Servicios de PPC - Lomax PPC","robots":{"index":"index","follow":"follow","max-snippet":"max-snippet:-1","max-image-preview":"max-image-preview:large","max-video-preview":"max-video-preview:-1"},"canonical":"https:\/\/lomaxppc.com\/es\/servicios-de-ppc\/","og_locale":"es_MX","og_type":"article","og_title":"Servicios de PPC - Lomax PPC","og_description":"Echa un vistazo a nuestros Servicios profesionales PPC El equipo experimentado de Lomax PPC est\u00e1 aqu\u00ed para asegurarse de que conozcas nuestro proceso para impulsar con \u00e9xito tus KPIs.","og_url":"https:\/\/lomaxppc.com\/es\/servicios-de-ppc\/","og_site_name":"Lomax PPC","article_modified_time":"2022-06-10T08:41:38+00:00","og_image":[{"url":"https:\/\/lomaxppc.com\/wp-content\/uploads\/2022\/02\/campaign-management-services.png","type":"","width":"","height":""}],"twitter_card":"summary_large_image","twitter_misc":{"Tiempo de lectura":"2 minutos"},"schema":{"@context":"https:\/\/schema.org","@graph":[{"@type":"WebPage","@id":"https:\/\/lomaxppc.com\/es\/servicios-de-ppc\/","url":"https:\/\/lomaxppc.com\/es\/servicios-de-ppc\/","name":"Servicios de PPC - Lomax PPC","isPartOf":{"@id":"https:\/\/lomaxppc.com\/es\/#website"},"primaryImageOfPage":{"@id":"https:\/\/lomaxppc.com\/es\/servicios-de-ppc\/#primaryimage"},"image":{"@id":"https:\/\/lomaxppc.com\/es\/servicios-de-ppc\/#primaryimage"},"thumbnailUrl":"https:\/\/lomaxppc.com\/wp-content\/uploads\/2022\/02\/campaign-management-services.png","datePublished":"2022-01-14T10:43:27+00:00","dateModified":"2022-06-10T08:41:38+00:00","breadcrumb":{"@id":"https:\/\/lomaxppc.com\/es\/servicios-de-ppc\/#breadcrumb"},"inLanguage":"es","potentialAction":[{"@type":"ReadAction","target":["https:\/\/lomaxppc.com\/es\/servicios-de-ppc\/"]}]},{"@type":"ImageObject","inLanguage":"es","@id":"https:\/\/lomaxppc.com\/es\/servicios-de-ppc\/#primaryimage","url":"https:\/\/lomaxppc.com\/wp-content\/uploads\/2022\/02\/campaign-management-services.png","contentUrl":"https:\/\/lomaxppc.com\/wp-content\/uploads\/2022\/02\/campaign-management-services.png"},{"@type":"BreadcrumbList","@id":"https:\/\/lomaxppc.com\/es\/servicios-de-ppc\/#breadcrumb","itemListElement":[{"@type":"ListItem","position":1,"name":"Home","item":"https:\/\/lomaxppc.com\/es\/"},{"@type":"ListItem","position":2,"name":"Servicios de PPC"}]},{"@type":"WebSite","@id":"https:\/\/lomaxppc.com\/es\/#website","url":"https:\/\/lomaxppc.com\/es\/","name":"Lomax PPC","description":"Proactive PPC Management &amp; Consultancy","publisher":{"@id":"https:\/\/lomaxppc.com\/es\/#organization"},"potentialAction":[{"@type":"SearchAction","target":{"@type":"EntryPoint","urlTemplate":"https:\/\/lomaxppc.com\/es\/?s={search_term_string}"},"query-input":{"@type":"PropertyValueSpecification","valueRequired":true,"valueName":"search_term_string"}}],"inLanguage":"es"},{"@type":"Organization","@id":"https:\/\/lomaxppc.com\/es\/#organization","name":"Lomax PPC","url":"https:\/\/lomaxppc.com\/es\/","logo":{"@type":"ImageObject","inLanguage":"es","@id":"https:\/\/lomaxppc.com\/es\/#\/schema\/logo\/image\/","url":"https:\/\/lomaxppc.com\/wp-content\/uploads\/2022\/06\/lomax-ppc-management-specialists-and-google-partner.png","contentUrl":"https:\/\/lomaxppc.com\/wp-content\/uploads\/2022\/06\/lomax-ppc-management-specialists-and-google-partner.png","width":264,"height":52,"caption":"Lomax PPC"},"image":{"@id":"https:\/\/lomaxppc.com\/es\/#\/schema\/logo\/image\/"}}]}},"_links":{"self":[{"href":"https:\/\/lomaxppc.com\/es\/wp-json\/wp\/v2\/pages\/839","targetHints":{"allow":["GET"]}}],"collection":[{"href":"https:\/\/lomaxppc.com\/es\/wp-json\/wp\/v2\/pages"}],"about":[{"href":"https:\/\/lomaxppc.com\/es\/wp-json\/wp\/v2\/types\/page"}],"author":[{"embeddable":true,"href":"https:\/\/lomaxppc.com\/es\/wp-json\/wp\/v2\/users\/1"}],"replies":[{"embeddable":true,"href":"https:\/\/lomaxppc.com\/es\/wp-json\/wp\/v2\/comments?post=839"}],"version-history":[{"count":0,"href":"https:\/\/lomaxppc.com\/es\/wp-json\/wp\/v2\/pages\/839\/revisions"}],"wp:attachment":[{"href":"https:\/\/lomaxppc.com\/es\/wp-json\/wp\/v2\/media?parent=839"}],"curies":[{"name":"wp","href":"https:\/\/api.w.org\/{rel}","templated":true}]}}