{"id":856,"date":"2022-01-14T10:43:43","date_gmt":"2022-01-14T10:43:43","guid":{"rendered":"https:\/\/dev.lomaxppc.com\/white-labelling\/"},"modified":"2022-05-05T09:49:12","modified_gmt":"2022-05-05T08:49:12","slug":"marca-blanca","status":"publish","type":"page","link":"https:\/\/lomaxppc.com\/es\/marca-blanca\/","title":{"rendered":"Marca blanca"},"content":{"rendered":"<div id=\"pl-856\"  class=\"panel-layout\" ><div id=\"pg-856-0\"  class=\"panel-grid panel-no-style\" ><div id=\"pgc-856-0-0\"  class=\"panel-grid-cell\" ><\/div><\/div><div id=\"pg-856-1\"  class=\"panel-grid panel-has-style\" ><div class=\"siteorigin-panels-stretch panel-row-style panel-row-style-for-856-1\" data-stretch-type=\"full\" ><div id=\"pgc-856-1-0\"  class=\"panel-grid-cell\" ><div id=\"panel-856-1-0-0\" class=\"so-panel widget widget_black-studio-tinymce widget_black_studio_tinymce panel-first-child panel-last-child\" data-index=\"1\" ><div class=\"textwidget\"><h1 style=\"text-align: center;\"><span class=\"grey-text-bt\">Echa un vistazo a nuestro servicio<\/span><br \/>\n<span class=\"linear-gradient-gradient-text\">de PPC en modalidad marca blanca<\/span><\/h1>\n<p style=\"margin:0 auto; max-width:750px; text-align: center;\">Formando nuevas e innovadoras soluciones de marketing en motores de b\u00fasqueda (SEM) para tu agencia de marketing digital, para as\u00ed poder diversificar tus ofertas de productos mientras te enfocas en lo que mejor sabes hacer.<\/p>\n<\/div><\/div><\/div><\/div><\/div><div id=\"pg-856-2\"  class=\"panel-grid panel-has-style\" ><div class=\"panel-row-style panel-row-style-for-856-2\" ><div id=\"pgc-856-2-0\"  class=\"panel-grid-cell\" ><div id=\"panel-856-2-0-0\" class=\"so-panel widget widget_black-studio-tinymce widget_black_studio_tinymce panel-first-child panel-last-child\" data-index=\"2\" ><div class=\"textwidget\"><div class=\"roundy-white-boxes-bigger spanish-page-r-w-b-b-marca-blanca\">\n\n<div class=\"wpbf-grid wpbf-grid-large\">\n\n<div class=\"wpbf-1-1 wpbf-medium-1-2\"> <div class=\"roundy-white-box-bigger\">\n<img loading=\"lazy\" decoding=\"async\" src=\"https:\/\/lomaxppc.com\/wp-content\/uploads\/2022\/02\/campaign-management-services.png\" alt=\"Campaign management  services\" title=\"Campaign management  services\" width=\"57\" height=\"57\"  \/>\n\n<h2>Adquisici\u00f3n PPC de Clientes<\/h2>\n\n<strong>Brindamos asesor\u00eda en la elaboraci\u00f3n de las mejores soluciones de acuerdo a las necesidades de tu cliente.<\/strong>\n<p class=\"services-text-size\">Habiendo ayudado a presentar miles de cuentas, tenemos un instinto para las mejores ofertas de PPC para impulsar el negocio del producto o servicio del cliente. Con el resumen de su cliente adquirido, prepararemos la estrateg\u00eda perfecta para ganar el negocio.\n\nTenemos experiencia en la obtenci\u00f3n de cuentas en B2B, B2C, comercio electr\u00f3nico y m\u00e1s, as\u00ed como en eventos tradicionales de venta indirecta en nombre de nuestras agencias. Siempre trabajamos con honestidad e integridad para proteger la reputaci\u00f3n de nuestras agencias asociadas, por lo que s\u00ed creemos que Google Ads no es la opci\u00f3n adecuada para tu cliente, te lo haremos saber desde el principio.<\/p>\n\n<\/div>\n\n<\/div>\n<div class=\"wpbf-1-1 wpbf-medium-1-2\"> <div class=\"roundy-white-box-bigger\">\n<img loading=\"lazy\" decoding=\"async\" src=\"https:\/\/lomaxppc.com\/wp-content\/uploads\/2022\/02\/ppc-search-campaigns.png\" alt=\"PPC search campaigns\" title=\"PPC search campaigns\" width=\"57\" height=\"57\" \/>\n\n<h2>Creaci\u00f3n de Cuenta PPC<\/h2>\n\n<strong>Al producir un resumen completo del cliente, podemos comprender su negocio, incluidos los principales diferenciadores y su mercado objetivo.<\/strong>\n<p class=\"services-text-size\">A trav\u00e9s de una investigaci\u00f3n rigurosa, proporcionaremos informaci\u00f3n de la industria para robustecer nuestra estrategia, lo que permitir\u00e1 crear una campa\u00f1a de PPC de alto rendimiento. Toda cuenta de Google Ads que creamos seguir\u00e1 las mejores pr\u00e1cticas recomendadas por Google. Combinamos lo que tu cliente ya sabe sobre sus clientes con la gran cantidad de datos contextuales y demogr\u00e1ficos disponibles para nosotros. Con este conocimiento, entregaremos el mensaje correcto al cliente correcto en el momento correcto, asegurando que la tasa de conversi\u00f3n del sitio web de tus clientes se optimice a su m\u00e1ximo potencial.<\/p>\n<\/div>\n\n<\/div>\n\n<div class=\"wpbf-1-1 wpbf-medium-1-2\"> <div class=\"roundy-white-box-bigger\">\n<img loading=\"lazy\" decoding=\"async\" src=\"https:\/\/lomaxppc.com\/wp-content\/uploads\/2022\/02\/search-and-shopping-campaign-services.png\" alt=\"Search and shopping campaign services\" title=\"Search and shopping campaign services\" width=\"57\" height=\"57\"  \/>\n\n<h2>Optimizaci\u00f3n de Cuenta PPC<\/h2>\n\n<strong>Optimizaci\u00f3n continua de tu cuenta PPC para aumentar la tasa de conversi\u00f3n y maximizar las ganancias de sus clientes.<\/strong>\n<p class=\"services-text-size\">Nuestro equipo de PPC analizar\u00e1 la gran cantidad de datos obtenidos de nuestras campa\u00f1as para garantizar que estamos otorgando el m\u00e1ximo valor a los clientes que impulsar\u00e1n el negocio. Todos nuestros clientes tienen sus campa\u00f1as de PPC monitoreadas regularmente para aumentar continuamente su ROI. Establecemos claros niveles de servicio m\u00ednimos de acuerdo con el tama\u00f1o de la cuenta para asegurarle que estamos en las cuentas regularmente haciendo que el dinero trabaje m\u00e1s.<\/p>\n\n<\/div>\n\n<\/div>\n<div class=\"wpbf-1-1 wpbf-medium-1-2\"> <div class=\"roundy-white-box-bigger\">\n<img loading=\"lazy\" decoding=\"async\" src=\"https:\/\/lomaxppc.com\/wp-content\/uploads\/2022\/02\/google-merchant-centre.png\" alt=\"Google merchant centre\" title=\"Google merchant centre\" width=\"57\" height=\"57\" \/>\n\n<h2>Capacitaci\u00f3n de Google Ads<\/h2>\n\n<strong>Ofreciendo capacitaci\u00f3n en ventas y sistemas de Google Ads por parte de nuestro dedicado y experimentado equipo de PPC.<\/strong>\n<p class=\"services-text-size\">Con experiencia trabajando para el programa de soporte de socios de Google Ads, Jonni capacit\u00f3 a una gran cantidad de agencias en los conceptos b\u00e1sicos de la plataforma de anuncios para soluciones de productos espec\u00edficos, ya sea YouTube, Gmail, optimizaci\u00f3n de la tasa de conversi\u00f3n (CRO) o cualquier cosa con la que necesitaran asistencia.\n\nDesde sesiones r\u00e1pidas sobre las \u00faltimas ofertas y soluciones inspiradoras, hasta capacitaciones completas sobre anuncios en B\u00fasqueda, Display, YouTube, Analytics y mucho m\u00e1s. Simplemente perm\u00edtenos saber que necesitamos repasar.<\/p>\n<\/div>\n\n<\/div>\n\n\n\n<\/div>\n\n<\/div>\n<\/div>\n\n<\/div><\/div><\/div><\/div><\/div><div id=\"pg-856-3\"  class=\"panel-grid panel-has-style\" ><div class=\"siteorigin-panels-stretch panel-row-style panel-row-style-for-856-3\" data-stretch-type=\"full\" ><div id=\"pgc-856-3-0\"  class=\"panel-grid-cell\" ><div id=\"panel-856-3-0-0\" class=\"so-panel widget widget_black-studio-tinymce widget_black_studio_tinymce panel-first-child panel-last-child\" data-index=\"3\" ><div class=\"panel-widget-style panel-widget-style-for-856-3-0-0\" ><div class=\"textwidget\"><h4 style=\"text-align:center;\" class=\"white-title\"><span class=\"smaller-title-text\">Ofreciendo Minuciosas<\/span><br \/>\nAuditor\u00edas PPC<\/h4>\n<div style=\"text-align:center; max-width:680px; margin:20px auto\">Si tus cuentas tienen un bajo rendimiento, reserva una auditor\u00eda con nuestros especialistas en PPC. Brindamos muchas soluciones innovadoras a cuentas deterioradas y de bajo rendimiento, para darles un nuevo impulso. Puedes elegir que nosotros hagamos los cambios o que los hagas internamente, de cualquier manera tendr\u00e1s una gran cantidad de nuevas ideas para pulir esas molestas campa\u00f1as de bajo rendimiento en poco tiempo.<\/p>\n<p><a class=\"wpbf-button gradient-blue center\" href=\"https:\/\/lomaxppc.com\/es\/contactanos\/\" title=\"Auditor\u00eda Gratis\">Auditor\u00eda Gratis<\/a><\/p>\n<\/div>\n<\/div><\/div><\/div><\/div><\/div><\/div><\/div>","protected":false},"excerpt":{"rendered":"<p>Echa un vistazo a nuestro servicio de PPC en modalidad marca blanca Formando nuevas e innovadoras soluciones de marketing en motores de b\u00fasqueda (SEM) para tu agencia de marketing digital,&#8230;<\/p>\n","protected":false},"author":1,"featured_media":0,"parent":0,"menu_order":0,"comment_status":"closed","ping_status":"closed","template":"","meta":{"footnotes":""},"class_list":["post-856","page","type-page","status-publish","hentry","wpbf-post"],"yoast_head":"<!-- This site is optimized with the Yoast SEO plugin v25.6 - https:\/\/yoast.com\/wordpress\/plugins\/seo\/ -->\n<title>Marca blanca - Lomax PPC<\/title>\n<meta name=\"robots\" content=\"index, follow, max-snippet:-1, max-image-preview:large, max-video-preview:-1\" \/>\n<link rel=\"canonical\" href=\"https:\/\/lomaxppc.com\/es\/marca-blanca\/\" \/>\n<meta property=\"og:locale\" content=\"es_MX\" \/>\n<meta property=\"og:type\" content=\"article\" \/>\n<meta property=\"og:title\" content=\"Marca blanca - Lomax PPC\" \/>\n<meta property=\"og:description\" content=\"Echa un vistazo a nuestro servicio de PPC en modalidad marca blanca Formando nuevas e innovadoras soluciones de marketing en motores de b\u00fasqueda (SEM) para tu agencia de marketing digital,...\" \/>\n<meta property=\"og:url\" content=\"https:\/\/lomaxppc.com\/es\/marca-blanca\/\" \/>\n<meta property=\"og:site_name\" content=\"Lomax PPC\" \/>\n<meta property=\"article:modified_time\" content=\"2022-05-05T08:49:12+00:00\" \/>\n<meta property=\"og:image\" content=\"https:\/\/lomaxppc.com\/wp-content\/uploads\/2022\/02\/campaign-management-services.png\" \/>\n<meta name=\"twitter:card\" content=\"summary_large_image\" \/>\n<meta name=\"twitter:label1\" content=\"Tiempo de lectura\" \/>\n\t<meta name=\"twitter:data1\" content=\"3 minutos\" \/>\n<script type=\"application\/ld+json\" class=\"yoast-schema-graph\">{\"@context\":\"https:\/\/schema.org\",\"@graph\":[{\"@type\":\"WebPage\",\"@id\":\"https:\/\/lomaxppc.com\/es\/marca-blanca\/\",\"url\":\"https:\/\/lomaxppc.com\/es\/marca-blanca\/\",\"name\":\"Marca blanca - Lomax PPC\",\"isPartOf\":{\"@id\":\"https:\/\/lomaxppc.com\/es\/#website\"},\"primaryImageOfPage\":{\"@id\":\"https:\/\/lomaxppc.com\/es\/marca-blanca\/#primaryimage\"},\"image\":{\"@id\":\"https:\/\/lomaxppc.com\/es\/marca-blanca\/#primaryimage\"},\"thumbnailUrl\":\"https:\/\/lomaxppc.com\/wp-content\/uploads\/2022\/02\/campaign-management-services.png\",\"datePublished\":\"2022-01-14T10:43:43+00:00\",\"dateModified\":\"2022-05-05T08:49:12+00:00\",\"breadcrumb\":{\"@id\":\"https:\/\/lomaxppc.com\/es\/marca-blanca\/#breadcrumb\"},\"inLanguage\":\"es\",\"potentialAction\":[{\"@type\":\"ReadAction\",\"target\":[\"https:\/\/lomaxppc.com\/es\/marca-blanca\/\"]}]},{\"@type\":\"ImageObject\",\"inLanguage\":\"es\",\"@id\":\"https:\/\/lomaxppc.com\/es\/marca-blanca\/#primaryimage\",\"url\":\"https:\/\/lomaxppc.com\/wp-content\/uploads\/2022\/02\/campaign-management-services.png\",\"contentUrl\":\"https:\/\/lomaxppc.com\/wp-content\/uploads\/2022\/02\/campaign-management-services.png\"},{\"@type\":\"BreadcrumbList\",\"@id\":\"https:\/\/lomaxppc.com\/es\/marca-blanca\/#breadcrumb\",\"itemListElement\":[{\"@type\":\"ListItem\",\"position\":1,\"name\":\"Home\",\"item\":\"https:\/\/lomaxppc.com\/es\/\"},{\"@type\":\"ListItem\",\"position\":2,\"name\":\"Marca blanca\"}]},{\"@type\":\"WebSite\",\"@id\":\"https:\/\/lomaxppc.com\/es\/#website\",\"url\":\"https:\/\/lomaxppc.com\/es\/\",\"name\":\"Lomax PPC\",\"description\":\"Proactive PPC Management &amp; Consultancy\",\"publisher\":{\"@id\":\"https:\/\/lomaxppc.com\/es\/#organization\"},\"potentialAction\":[{\"@type\":\"SearchAction\",\"target\":{\"@type\":\"EntryPoint\",\"urlTemplate\":\"https:\/\/lomaxppc.com\/es\/?s={search_term_string}\"},\"query-input\":{\"@type\":\"PropertyValueSpecification\",\"valueRequired\":true,\"valueName\":\"search_term_string\"}}],\"inLanguage\":\"es\"},{\"@type\":\"Organization\",\"@id\":\"https:\/\/lomaxppc.com\/es\/#organization\",\"name\":\"Lomax PPC\",\"url\":\"https:\/\/lomaxppc.com\/es\/\",\"logo\":{\"@type\":\"ImageObject\",\"inLanguage\":\"es\",\"@id\":\"https:\/\/lomaxppc.com\/es\/#\/schema\/logo\/image\/\",\"url\":\"https:\/\/lomaxppc.com\/wp-content\/uploads\/2022\/06\/lomax-ppc-management-specialists-and-google-partner.png\",\"contentUrl\":\"https:\/\/lomaxppc.com\/wp-content\/uploads\/2022\/06\/lomax-ppc-management-specialists-and-google-partner.png\",\"width\":264,\"height\":52,\"caption\":\"Lomax PPC\"},\"image\":{\"@id\":\"https:\/\/lomaxppc.com\/es\/#\/schema\/logo\/image\/\"}}]}<\/script>\n<!-- \/ Yoast SEO plugin. -->","yoast_head_json":{"title":"Marca blanca - Lomax PPC","robots":{"index":"index","follow":"follow","max-snippet":"max-snippet:-1","max-image-preview":"max-image-preview:large","max-video-preview":"max-video-preview:-1"},"canonical":"https:\/\/lomaxppc.com\/es\/marca-blanca\/","og_locale":"es_MX","og_type":"article","og_title":"Marca blanca - Lomax PPC","og_description":"Echa un vistazo a nuestro servicio de PPC en modalidad marca blanca Formando nuevas e innovadoras soluciones de marketing en motores de b\u00fasqueda (SEM) para tu agencia de marketing digital,...","og_url":"https:\/\/lomaxppc.com\/es\/marca-blanca\/","og_site_name":"Lomax PPC","article_modified_time":"2022-05-05T08:49:12+00:00","og_image":[{"url":"https:\/\/lomaxppc.com\/wp-content\/uploads\/2022\/02\/campaign-management-services.png","type":"","width":"","height":""}],"twitter_card":"summary_large_image","twitter_misc":{"Tiempo de lectura":"3 minutos"},"schema":{"@context":"https:\/\/schema.org","@graph":[{"@type":"WebPage","@id":"https:\/\/lomaxppc.com\/es\/marca-blanca\/","url":"https:\/\/lomaxppc.com\/es\/marca-blanca\/","name":"Marca blanca - Lomax PPC","isPartOf":{"@id":"https:\/\/lomaxppc.com\/es\/#website"},"primaryImageOfPage":{"@id":"https:\/\/lomaxppc.com\/es\/marca-blanca\/#primaryimage"},"image":{"@id":"https:\/\/lomaxppc.com\/es\/marca-blanca\/#primaryimage"},"thumbnailUrl":"https:\/\/lomaxppc.com\/wp-content\/uploads\/2022\/02\/campaign-management-services.png","datePublished":"2022-01-14T10:43:43+00:00","dateModified":"2022-05-05T08:49:12+00:00","breadcrumb":{"@id":"https:\/\/lomaxppc.com\/es\/marca-blanca\/#breadcrumb"},"inLanguage":"es","potentialAction":[{"@type":"ReadAction","target":["https:\/\/lomaxppc.com\/es\/marca-blanca\/"]}]},{"@type":"ImageObject","inLanguage":"es","@id":"https:\/\/lomaxppc.com\/es\/marca-blanca\/#primaryimage","url":"https:\/\/lomaxppc.com\/wp-content\/uploads\/2022\/02\/campaign-management-services.png","contentUrl":"https:\/\/lomaxppc.com\/wp-content\/uploads\/2022\/02\/campaign-management-services.png"},{"@type":"BreadcrumbList","@id":"https:\/\/lomaxppc.com\/es\/marca-blanca\/#breadcrumb","itemListElement":[{"@type":"ListItem","position":1,"name":"Home","item":"https:\/\/lomaxppc.com\/es\/"},{"@type":"ListItem","position":2,"name":"Marca blanca"}]},{"@type":"WebSite","@id":"https:\/\/lomaxppc.com\/es\/#website","url":"https:\/\/lomaxppc.com\/es\/","name":"Lomax PPC","description":"Proactive PPC Management &amp; Consultancy","publisher":{"@id":"https:\/\/lomaxppc.com\/es\/#organization"},"potentialAction":[{"@type":"SearchAction","target":{"@type":"EntryPoint","urlTemplate":"https:\/\/lomaxppc.com\/es\/?s={search_term_string}"},"query-input":{"@type":"PropertyValueSpecification","valueRequired":true,"valueName":"search_term_string"}}],"inLanguage":"es"},{"@type":"Organization","@id":"https:\/\/lomaxppc.com\/es\/#organization","name":"Lomax PPC","url":"https:\/\/lomaxppc.com\/es\/","logo":{"@type":"ImageObject","inLanguage":"es","@id":"https:\/\/lomaxppc.com\/es\/#\/schema\/logo\/image\/","url":"https:\/\/lomaxppc.com\/wp-content\/uploads\/2022\/06\/lomax-ppc-management-specialists-and-google-partner.png","contentUrl":"https:\/\/lomaxppc.com\/wp-content\/uploads\/2022\/06\/lomax-ppc-management-specialists-and-google-partner.png","width":264,"height":52,"caption":"Lomax PPC"},"image":{"@id":"https:\/\/lomaxppc.com\/es\/#\/schema\/logo\/image\/"}}]}},"_links":{"self":[{"href":"https:\/\/lomaxppc.com\/es\/wp-json\/wp\/v2\/pages\/856","targetHints":{"allow":["GET"]}}],"collection":[{"href":"https:\/\/lomaxppc.com\/es\/wp-json\/wp\/v2\/pages"}],"about":[{"href":"https:\/\/lomaxppc.com\/es\/wp-json\/wp\/v2\/types\/page"}],"author":[{"embeddable":true,"href":"https:\/\/lomaxppc.com\/es\/wp-json\/wp\/v2\/users\/1"}],"replies":[{"embeddable":true,"href":"https:\/\/lomaxppc.com\/es\/wp-json\/wp\/v2\/comments?post=856"}],"version-history":[{"count":0,"href":"https:\/\/lomaxppc.com\/es\/wp-json\/wp\/v2\/pages\/856\/revisions"}],"wp:attachment":[{"href":"https:\/\/lomaxppc.com\/es\/wp-json\/wp\/v2\/media?parent=856"}],"curies":[{"name":"wp","href":"https:\/\/api.w.org\/{rel}","templated":true}]}}