{"id":861,"date":"2022-01-14T10:43:59","date_gmt":"2022-01-14T10:43:59","guid":{"rendered":"https:\/\/dev.lomaxppc.com\/contact-us\/"},"modified":"2025-09-04T09:49:58","modified_gmt":"2025-09-04T08:49:58","slug":"contactanos","status":"publish","type":"page","link":"https:\/\/lomaxppc.com\/es\/contactanos\/","title":{"rendered":"Cont\u00e1ctanos"},"content":{"rendered":"<div id=\"pl-861\"  class=\"panel-layout\" ><div id=\"pg-861-0\"  class=\"panel-grid panel-no-style\" ><div id=\"pgc-861-0-0\"  class=\"panel-grid-cell\" ><\/div><\/div><div id=\"pg-861-1\"  class=\"panel-grid panel-has-style\" ><div class=\"panel-row-style panel-row-style-for-861-1\" ><div id=\"pgc-861-1-0\"  class=\"panel-grid-cell\" ><div id=\"panel-861-1-0-0\" class=\"so-panel widget widget_black-studio-tinymce widget_black_studio_tinymce panel-first-child panel-last-child\" data-index=\"1\" ><div class=\"mobile-center panel-widget-style panel-widget-style-for-861-1-0-0\" ><div class=\"textwidget\"><h1>Ll\u00e1manos<\/h1>\n\n<p>Preg\u00fantanos acerca de nuestros servicios profesionales de PPC.<\/p>\n\nAlternativamente env\u00edeme un correo electr\u00f3nico: <a href=\"mailto:jonni@lomaxppc.com\" rel=\"noopener\" target=\"_blank\" title=\"Env\u00edenos un correo electr\u00f3nico a  jonni@lomaxppc.com\">jonni@lomaxppc.com<\/a><br>\nLl\u00e1mame <a href=\"tel:+525515051905\" rel=\"noopener\" target=\"_blank\" title=\"Ll\u00e1mame al +52 551 505 1905\" class=\"phone-contact-page\">+52 551 505 1905<\/a><\/p>\n\n<\/div><\/div><\/div><\/div><div id=\"pgc-861-1-1\"  class=\"panel-grid-cell\" ><div id=\"panel-861-1-1-0\" class=\"so-panel widget widget_black-studio-tinymce widget_black_studio_tinymce panel-first-child panel-last-child\" data-index=\"2\" ><div class=\"textwidget\"><div class=\"jet-fb-form-block\" data-is-block=\"jet-forms\/form-block\"><style id=\"jet-form-builder-1427-inline-css\"><\/style><form  class=\"jet-form-builder layout-column submit-type-reload\" action=\"https:\/\/lomaxppc.com\/es\/wp-json\/wp\/v2\/pages\/861\/?DjBm0G=rzESmGyNKF&amp;method=reload\" method=\"POST\" data-form-id=\"1427\" data-layout=\"column\" enctype=\"multipart\/form-data\" novalidate=\"null\" ssr_validation_method=\"rest\">\r\n<input type=\"hidden\" name=\"_jfb_current_render_states[]\" value=\"DEFAULT.STATE\" data-jfb-sync \/><input type=\"hidden\" class=\"jet-form-builder__field hidden-field\" name=\"_jet_engine_booking_form_id\" data-field-name=\"_jet_engine_booking_form_id\" value=\"1427\">\n<input type=\"hidden\" class=\"jet-form-builder__field hidden-field\" name=\"_jet_engine_refer\" data-field-name=\"_jet_engine_refer\" value=\"https:\/\/lomaxppc.com\/es\/wp-json\/wp\/v2\/pages\/861\/\">\n<input type=\"hidden\" class=\"jet-form-builder__field hidden-field\" name=\"__queried_post_id\" data-field-name=\"__queried_post_id\" value=\"861\">\n<div  class=\"jet-form-builder-row field-type-text-field\" >\n<div class=\"jet-form-builder__field-wrap\">\n\t\t\t\t<input placeholder=\"Nombre(s)\" required=\"required\" name=\"Nombres\" id=\"Nombres\" type=\"text\" data-field-name=\"Nombres\" class=\"jet-form-builder__field text-field\" data-jfb-sync=\"null\" autocomplete=\"off_FePgtXf5\">\n\t\t\t\t\t<\/div>\n<\/div>\n\n<div  class=\"jet-form-builder-row field-type-text-field\" >\n<div class=\"jet-form-builder__field-wrap\">\n\t\t\t\t<input placeholder=\"Apellido(s)\" required=\"required\" name=\"Apellidos\" id=\"Apellidos\" type=\"text\" data-field-name=\"Apellidos\" class=\"jet-form-builder__field text-field\" data-jfb-sync=\"null\" autocomplete=\"off_1SPryUz9\">\n\t\t\t\t\t<\/div>\n<\/div>\n\n<div  class=\"jet-form-builder-row field-type-text-field\" >\n<div class=\"jet-form-builder__field-wrap\">\n\t\t\t\t<input placeholder=\"Correo electr\u00f3nico\" required=\"required\" name=\"Correoelectrnico\" id=\"Correoelectrnico\" type=\"email\" data-field-name=\"Correoelectrnico\" class=\"jet-form-builder__field text-field\" data-jfb-sync=\"null\" autocomplete=\"off_AXqyWOmY\">\n\t\t\t\t\t<\/div>\n<\/div>\n\n<div  class=\"jet-form-builder-row field-type-text-field\" >\n<div class=\"jet-form-builder__field-wrap\">\n\t\t\t\t<input placeholder=\"Tel\u00e9fono\" required=\"required\" name=\"Telfono\" id=\"Telfono\" type=\"tel\" data-field-name=\"Telfono\" class=\"jet-form-builder__field text-field\" data-jfb-sync=\"null\" autocomplete=\"off_WJZHiNV8\">\n\t\t\t\t\t<\/div>\n<\/div>\n\n<div  class=\"jet-form-builder-row field-type-text-field\" >\n<div class=\"jet-form-builder__field-wrap\">\n\t\t\t\t<input placeholder=\"Sitio Web\" required=\"required\" name=\"SitioWeb\" id=\"SitioWeb\" type=\"text\" data-field-name=\"SitioWeb\" class=\"jet-form-builder__field text-field\" data-jfb-sync=\"null\" autocomplete=\"off_LTgdJyaP\">\n\t\t\t\t\t<\/div>\n<\/div>\n\n<div  class=\"jet-form-builder-row field-type-select-field wp-block-jet-forms-select-field\">\n<div class=\"jet-form-builder__field-wrap\">\n\t<select class=\"jet-form-builder__field select-field\" required=\"required\" name=\"SeleccionarAsunto\" data-field-name=\"SeleccionarAsunto\" id=\"SeleccionarAsunto\" data-jfb-sync=\"null\">\n\t\t<option value=\"\"  selected>Seleccionar Asunto<\/option><option value=\"Creaci\u00f3n de una Nueva Cuenta\"  data-calculate=\"1\">Creaci\u00f3n de una Nueva Cuenta<\/option><option value=\"Optimizaci\u00f3n de Cuenta Existente\"  data-calculate=\"2\">Optimizaci\u00f3n de Cuenta Existente<\/option><option value=\"Consultor\u00eda y Formaci\u00f3n\"  data-calculate=\"3\">Consultor\u00eda y Formaci\u00f3n<\/option><option value=\"Auditor\u00eda de Cuenta Existente\"  data-calculate=\"4\">Auditor\u00eda de Cuenta Existente<\/option><option value=\"Capacitaci\u00f3n y Marca Blanca para Agencias\"  data-calculate=\"5\">Capacitaci\u00f3n y Marca Blanca para Agencias<\/option><option value=\"Preguntas Generales\"  data-calculate=\"6\">Preguntas Generales<\/option>\t<\/select>\n<\/div>\n<\/div>\n\n<div  class=\"jet-form-builder-row field-type-textarea-field\" >\n<div class=\"jet-form-builder__field-wrap\">\n\t\t<textarea class=\"jet-form-builder__field textarea-field\" placeholder=\"Tu mensaje\" name=\"Tu_mensaje\" data-field-name=\"Tu_mensaje\" id=\"Tu_mensaje\" data-jfb-sync=\"null\"><\/textarea>\n\t<\/div>\n<\/div>\n\n<div  class=\"jet-form-builder-row field-type-checkbox-field\" >\n<div class=\"jet-form-builder__fields-group checkradio-wrap\" data-jfb-sync><div class=\"jet-form-builder__field-wrap checkboxes-wrap checkradio-wrap\"><label class=\"jet-form-builder__field-label for-checkbox\">\n<input type=\"checkbox\" name=\"gdpr\" value=\"S\u00ed\" data-field-name=\"gdpr\" data-calculate=\"1\"  class=\"jet-form-builder__field checkboxes-field checkradio-field\" required=\"required\"><span>Autorizo que Lomax PPC use mi informaci\u00f3n para responder a mi consulta.<\/span><\/label><\/div><\/div>\n<\/div>\n\n<div class=\"jfb-visually-hidden\" tabindex=\"-1\"><div class=\"jet-form-builder__field-wrap\">\n\t\t\t\t<input name=\"email\" id=\"email\" type=\"email\" data-field-name=\"email\" class=\"jet-form-builder__field text-field\" data-jfb-sync=\"null\" autocomplete=\"off_ysxEji7M\">\n\t\t\t\t\t<\/div><\/div><div  class=\"jet-form-builder-row field-type-submit-field\" >\n\t<div data-type=\"submit\" class=\"jet-form-builder__action-button-wrapper jet-form-builder__submit-wrap\">\n\t<button class=\"jet-form-builder__action-button jet-form-builder__submit submit-type-reload\" type=\"submit\">Enviar<\/button>\n\t<\/div>\n\t\n<\/div>\n\n\n<p><\/p>\n\t<div class=\"jet-form-builder-messages-wrap\" data-form-id=\"1427\"><\/div>\n<\/form>\n<\/div><\/div><\/div><\/div><\/div><\/div><div id=\"pg-861-2\"  class=\"panel-grid panel-has-style\" ><div class=\"siteorigin-panels-stretch panel-row-style panel-row-style-for-861-2\" data-stretch-type=\"full\" ><div id=\"pgc-861-2-0\"  class=\"panel-grid-cell panel-grid-cell-empty\" ><\/div><\/div><\/div><\/div>","protected":false},"excerpt":{"rendered":"<p>Ll\u00e1manos Preg\u00fantanos acerca de nuestros servicios profesionales de PPC. Alternativamente env\u00edeme un correo electr\u00f3nico: jonni@lomaxppc.com Ll\u00e1mame +52 551 505 1905<\/p>\n","protected":false},"author":1,"featured_media":0,"parent":0,"menu_order":0,"comment_status":"closed","ping_status":"closed","template":"","meta":{"footnotes":""},"class_list":["post-861","page","type-page","status-publish","hentry","wpbf-post"],"yoast_head":"<!-- This site is optimized with the Yoast SEO plugin v25.6 - https:\/\/yoast.com\/wordpress\/plugins\/seo\/ -->\n<title>Cont\u00e1ctanos - Lomax PPC<\/title>\n<meta name=\"robots\" content=\"index, follow, max-snippet:-1, max-image-preview:large, max-video-preview:-1\" \/>\n<link rel=\"canonical\" href=\"https:\/\/lomaxppc.com\/es\/contactanos\/\" \/>\n<meta property=\"og:locale\" content=\"es_MX\" \/>\n<meta property=\"og:type\" content=\"article\" \/>\n<meta property=\"og:title\" content=\"Cont\u00e1ctanos - Lomax PPC\" \/>\n<meta property=\"og:description\" content=\"Ll\u00e1manos Preg\u00fantanos acerca de nuestros servicios profesionales de PPC. Alternativamente env\u00edeme un correo electr\u00f3nico: jonni@lomaxppc.com Ll\u00e1mame +52 551 505 1905\" \/>\n<meta property=\"og:url\" content=\"https:\/\/lomaxppc.com\/es\/contactanos\/\" \/>\n<meta property=\"og:site_name\" content=\"Lomax PPC\" \/>\n<meta property=\"article:modified_time\" content=\"2025-09-04T08:49:58+00:00\" \/>\n<meta name=\"twitter:card\" content=\"summary_large_image\" \/>\n<meta name=\"twitter:label1\" content=\"Tiempo de lectura\" \/>\n\t<meta name=\"twitter:data1\" content=\"1 minuto\" \/>\n<script type=\"application\/ld+json\" class=\"yoast-schema-graph\">{\"@context\":\"https:\/\/schema.org\",\"@graph\":[{\"@type\":\"WebPage\",\"@id\":\"https:\/\/lomaxppc.com\/es\/contactanos\/\",\"url\":\"https:\/\/lomaxppc.com\/es\/contactanos\/\",\"name\":\"Cont\u00e1ctanos - Lomax PPC\",\"isPartOf\":{\"@id\":\"https:\/\/lomaxppc.com\/es\/#website\"},\"datePublished\":\"2022-01-14T10:43:59+00:00\",\"dateModified\":\"2025-09-04T08:49:58+00:00\",\"breadcrumb\":{\"@id\":\"https:\/\/lomaxppc.com\/es\/contactanos\/#breadcrumb\"},\"inLanguage\":\"es\",\"potentialAction\":[{\"@type\":\"ReadAction\",\"target\":[\"https:\/\/lomaxppc.com\/es\/contactanos\/\"]}]},{\"@type\":\"BreadcrumbList\",\"@id\":\"https:\/\/lomaxppc.com\/es\/contactanos\/#breadcrumb\",\"itemListElement\":[{\"@type\":\"ListItem\",\"position\":1,\"name\":\"Home\",\"item\":\"https:\/\/lomaxppc.com\/es\/\"},{\"@type\":\"ListItem\",\"position\":2,\"name\":\"Cont\u00e1ctanos\"}]},{\"@type\":\"WebSite\",\"@id\":\"https:\/\/lomaxppc.com\/es\/#website\",\"url\":\"https:\/\/lomaxppc.com\/es\/\",\"name\":\"Lomax PPC\",\"description\":\"Proactive PPC Management &amp; Consultancy\",\"publisher\":{\"@id\":\"https:\/\/lomaxppc.com\/es\/#organization\"},\"potentialAction\":[{\"@type\":\"SearchAction\",\"target\":{\"@type\":\"EntryPoint\",\"urlTemplate\":\"https:\/\/lomaxppc.com\/es\/?s={search_term_string}\"},\"query-input\":{\"@type\":\"PropertyValueSpecification\",\"valueRequired\":true,\"valueName\":\"search_term_string\"}}],\"inLanguage\":\"es\"},{\"@type\":\"Organization\",\"@id\":\"https:\/\/lomaxppc.com\/es\/#organization\",\"name\":\"Lomax PPC\",\"url\":\"https:\/\/lomaxppc.com\/es\/\",\"logo\":{\"@type\":\"ImageObject\",\"inLanguage\":\"es\",\"@id\":\"https:\/\/lomaxppc.com\/es\/#\/schema\/logo\/image\/\",\"url\":\"https:\/\/lomaxppc.com\/wp-content\/uploads\/2022\/06\/lomax-ppc-management-specialists-and-google-partner.png\",\"contentUrl\":\"https:\/\/lomaxppc.com\/wp-content\/uploads\/2022\/06\/lomax-ppc-management-specialists-and-google-partner.png\",\"width\":264,\"height\":52,\"caption\":\"Lomax PPC\"},\"image\":{\"@id\":\"https:\/\/lomaxppc.com\/es\/#\/schema\/logo\/image\/\"}}]}<\/script>\n<!-- \/ Yoast SEO plugin. -->","yoast_head_json":{"title":"Cont\u00e1ctanos - Lomax PPC","robots":{"index":"index","follow":"follow","max-snippet":"max-snippet:-1","max-image-preview":"max-image-preview:large","max-video-preview":"max-video-preview:-1"},"canonical":"https:\/\/lomaxppc.com\/es\/contactanos\/","og_locale":"es_MX","og_type":"article","og_title":"Cont\u00e1ctanos - Lomax PPC","og_description":"Ll\u00e1manos Preg\u00fantanos acerca de nuestros servicios profesionales de PPC. Alternativamente env\u00edeme un correo electr\u00f3nico: jonni@lomaxppc.com Ll\u00e1mame +52 551 505 1905","og_url":"https:\/\/lomaxppc.com\/es\/contactanos\/","og_site_name":"Lomax PPC","article_modified_time":"2025-09-04T08:49:58+00:00","twitter_card":"summary_large_image","twitter_misc":{"Tiempo de lectura":"1 minuto"},"schema":{"@context":"https:\/\/schema.org","@graph":[{"@type":"WebPage","@id":"https:\/\/lomaxppc.com\/es\/contactanos\/","url":"https:\/\/lomaxppc.com\/es\/contactanos\/","name":"Cont\u00e1ctanos - Lomax PPC","isPartOf":{"@id":"https:\/\/lomaxppc.com\/es\/#website"},"datePublished":"2022-01-14T10:43:59+00:00","dateModified":"2025-09-04T08:49:58+00:00","breadcrumb":{"@id":"https:\/\/lomaxppc.com\/es\/contactanos\/#breadcrumb"},"inLanguage":"es","potentialAction":[{"@type":"ReadAction","target":["https:\/\/lomaxppc.com\/es\/contactanos\/"]}]},{"@type":"BreadcrumbList","@id":"https:\/\/lomaxppc.com\/es\/contactanos\/#breadcrumb","itemListElement":[{"@type":"ListItem","position":1,"name":"Home","item":"https:\/\/lomaxppc.com\/es\/"},{"@type":"ListItem","position":2,"name":"Cont\u00e1ctanos"}]},{"@type":"WebSite","@id":"https:\/\/lomaxppc.com\/es\/#website","url":"https:\/\/lomaxppc.com\/es\/","name":"Lomax PPC","description":"Proactive PPC Management &amp; Consultancy","publisher":{"@id":"https:\/\/lomaxppc.com\/es\/#organization"},"potentialAction":[{"@type":"SearchAction","target":{"@type":"EntryPoint","urlTemplate":"https:\/\/lomaxppc.com\/es\/?s={search_term_string}"},"query-input":{"@type":"PropertyValueSpecification","valueRequired":true,"valueName":"search_term_string"}}],"inLanguage":"es"},{"@type":"Organization","@id":"https:\/\/lomaxppc.com\/es\/#organization","name":"Lomax PPC","url":"https:\/\/lomaxppc.com\/es\/","logo":{"@type":"ImageObject","inLanguage":"es","@id":"https:\/\/lomaxppc.com\/es\/#\/schema\/logo\/image\/","url":"https:\/\/lomaxppc.com\/wp-content\/uploads\/2022\/06\/lomax-ppc-management-specialists-and-google-partner.png","contentUrl":"https:\/\/lomaxppc.com\/wp-content\/uploads\/2022\/06\/lomax-ppc-management-specialists-and-google-partner.png","width":264,"height":52,"caption":"Lomax PPC"},"image":{"@id":"https:\/\/lomaxppc.com\/es\/#\/schema\/logo\/image\/"}}]}},"_links":{"self":[{"href":"https:\/\/lomaxppc.com\/es\/wp-json\/wp\/v2\/pages\/861","targetHints":{"allow":["GET"]}}],"collection":[{"href":"https:\/\/lomaxppc.com\/es\/wp-json\/wp\/v2\/pages"}],"about":[{"href":"https:\/\/lomaxppc.com\/es\/wp-json\/wp\/v2\/types\/page"}],"author":[{"embeddable":true,"href":"https:\/\/lomaxppc.com\/es\/wp-json\/wp\/v2\/users\/1"}],"replies":[{"embeddable":true,"href":"https:\/\/lomaxppc.com\/es\/wp-json\/wp\/v2\/comments?post=861"}],"version-history":[{"count":1,"href":"https:\/\/lomaxppc.com\/es\/wp-json\/wp\/v2\/pages\/861\/revisions"}],"predecessor-version":[{"id":1430,"href":"https:\/\/lomaxppc.com\/es\/wp-json\/wp\/v2\/pages\/861\/revisions\/1430"}],"wp:attachment":[{"href":"https:\/\/lomaxppc.com\/es\/wp-json\/wp\/v2\/media?parent=861"}],"curies":[{"name":"wp","href":"https:\/\/api.w.org\/{rel}","templated":true}]}}